{"id":83,"date":"2022-05-30T13:05:05","date_gmt":"2022-05-30T13:05:05","guid":{"rendered":"https:\/\/terrasses-saint-clair.fr\/?page_id=83"},"modified":"2022-06-17T12:20:41","modified_gmt":"2022-06-17T12:20:41","slug":"prestations","status":"publish","type":"page","link":"https:\/\/terrasses-saint-clair.fr\/en\/prestations\/","title":{"rendered":"SERVICES"},"content":{"rendered":"<div data-elementor-type=\"wp-page\" data-elementor-id=\"83\" class=\"elementor elementor-83\">\n\t\t\t\t\t\t\t\t\t<section class=\"elementor-section elementor-top-section elementor-element elementor-element-0df2b57 elementor-section-full_width elementor-section-height-default elementor-section-height-default\" data-id=\"0df2b57\" data-element_type=\"section\">\n\t\t\t\t\t\t<div class=\"elementor-container elementor-column-gap-default\">\n\t\t\t\t\t<div class=\"elementor-column elementor-col-100 elementor-top-column elementor-element elementor-element-f639adf\" data-id=\"f639adf\" data-element_type=\"column\">\n\t\t\t<div class=\"elementor-widget-wrap elementor-element-populated\">\n\t\t\t\t\t\t\t\t<div class=\"elementor-element elementor-element-8c540cb elementor-widget elementor-widget-image\" data-id=\"8c540cb\" data-element_type=\"widget\" data-widget_type=\"image.default\">\n\t\t\t\t<div class=\"elementor-widget-container\">\n\t\t\t<style>\/*! elementor - v3.6.6 - 08-06-2022 *\/\n.elementor-widget-image{text-align:center}.elementor-widget-image a{display:inline-block}.elementor-widget-image a img[src$=\".svg\"]{width:48px}.elementor-widget-image img{vertical-align:middle;display:inline-block}<\/style>\t\t\t\t\t\t\t\t\t\t\t\t<img width=\"1024\" height=\"683\" src=\"https:\/\/terrasses-saint-clair.fr\/wp-content\/uploads\/2022\/06\/MG_5597-1024x683.jpg\" class=\"attachment-large size-large\" alt=\"\" loading=\"lazy\" srcset=\"https:\/\/terrasses-saint-clair.fr\/wp-content\/uploads\/2022\/06\/MG_5597-1024x683.jpg 1024w, https:\/\/terrasses-saint-clair.fr\/wp-content\/uploads\/2022\/06\/MG_5597-300x200.jpg 300w, https:\/\/terrasses-saint-clair.fr\/wp-content\/uploads\/2022\/06\/MG_5597-768x512.jpg 768w, https:\/\/terrasses-saint-clair.fr\/wp-content\/uploads\/2022\/06\/MG_5597-18x12.jpg 18w, https:\/\/terrasses-saint-clair.fr\/wp-content\/uploads\/2022\/06\/MG_5597.jpg 1500w\" sizes=\"(max-width: 1024px) 100vw, 1024px\" \/>\t\t\t\t\t\t\t\t\t\t\t\t\t\t\t<\/div>\n\t\t\t\t<\/div>\n\t\t\t\t<div class=\"elementor-element elementor-element-fcbc1ec elementor-widget elementor-widget-heading\" data-id=\"fcbc1ec\" data-element_type=\"widget\" data-widget_type=\"heading.default\">\n\t\t\t\t<div class=\"elementor-widget-container\">\n\t\t\t<style>\/*! elementor - v3.6.6 - 08-06-2022 *\/\n.elementor-heading-title{padding:0;margin:0;line-height:1}.elementor-widget-heading .elementor-heading-title[class*=elementor-size-]>a{color:inherit;font-size:inherit;line-height:inherit}.elementor-widget-heading .elementor-heading-title.elementor-size-small{font-size:15px}.elementor-widget-heading .elementor-heading-title.elementor-size-medium{font-size:19px}.elementor-widget-heading .elementor-heading-title.elementor-size-large{font-size:29px}.elementor-widget-heading .elementor-heading-title.elementor-size-xl{font-size:39px}.elementor-widget-heading .elementor-heading-title.elementor-size-xxl{font-size:59px}<\/style><h1 class=\"elementor-heading-title elementor-size-default\">Services<\/h1>\t\t<\/div>\n\t\t\t\t<\/div>\n\t\t\t\t\t<\/div>\n\t\t<\/div>\n\t\t\t\t\t\t\t<\/div>\n\t\t<\/section>\n\t\t\t\t<section class=\"elementor-section elementor-top-section elementor-element elementor-element-124e42b elementor-section-full_width elementor-section-height-default elementor-section-height-default\" data-id=\"124e42b\" data-element_type=\"section\">\n\t\t\t\t\t\t<div class=\"elementor-container elementor-column-gap-default\">\n\t\t\t\t\t<div class=\"elementor-column elementor-col-100 elementor-top-column elementor-element elementor-element-9aa9f91\" data-id=\"9aa9f91\" data-element_type=\"column\">\n\t\t\t<div class=\"elementor-widget-wrap elementor-element-populated\">\n\t\t\t\t\t\t\t\t<div class=\"elementor-element elementor-element-edf40c1 elementor-widget elementor-widget-heading\" data-id=\"edf40c1\" data-element_type=\"widget\" data-widget_type=\"heading.default\">\n\t\t\t\t<div class=\"elementor-widget-container\">\n\t\t\t<h2 class=\"elementor-heading-title elementor-size-default\">Services and Partners<\/h2>\t\t<\/div>\n\t\t\t\t<\/div>\n\t\t\t\t\t<\/div>\n\t\t<\/div>\n\t\t\t\t\t\t\t<\/div>\n\t\t<\/section>\n\t\t\t\t<section class=\"elementor-section elementor-top-section elementor-element elementor-element-f401b0c elementor-section-full_width elementor-section-height-default elementor-section-height-default\" data-id=\"f401b0c\" data-element_type=\"section\">\n\t\t\t\t\t\t<div class=\"elementor-container elementor-column-gap-default\">\n\t\t\t\t\t<div class=\"elementor-column elementor-col-50 elementor-top-column elementor-element elementor-element-ff8aff0\" data-id=\"ff8aff0\" data-element_type=\"column\" data-settings=\"{&quot;background_background&quot;:&quot;classic&quot;}\">\n\t\t\t<div class=\"elementor-widget-wrap elementor-element-populated\">\n\t\t\t\t\t\t\t\t<div class=\"elementor-element elementor-element-dede1d6 elementor-widget elementor-widget-heading\" data-id=\"dede1d6\" data-element_type=\"widget\" data-widget_type=\"heading.default\">\n\t\t\t\t<div class=\"elementor-widget-container\">\n\t\t\t<h2 class=\"elementor-heading-title elementor-size-default\">Our services <\/h2>\t\t<\/div>\n\t\t\t\t<\/div>\n\t\t\t\t<div class=\"elementor-element elementor-element-c8106e8 elementor-widget elementor-widget-heading\" data-id=\"c8106e8\" data-element_type=\"widget\" data-widget_type=\"heading.default\">\n\t\t\t\t<div class=\"elementor-widget-container\">\n\t\t\t<p class=\"elementor-heading-title elementor-size-small\">After the jacuzzi and the game of p\u00e9tanque you can also order a plank of charcuterie, cheese or a seafood platter to enjoy on your terrace.<\/p>\t\t<\/div>\n\t\t\t\t<\/div>\n\t\t\t\t\t<\/div>\n\t\t<\/div>\n\t\t\t\t<div class=\"elementor-column elementor-col-50 elementor-top-column elementor-element elementor-element-146d723\" data-id=\"146d723\" data-element_type=\"column\" data-settings=\"{&quot;background_background&quot;:&quot;classic&quot;}\">\n\t\t\t<div class=\"elementor-widget-wrap\">\n\t\t\t\t\t\t\t\t\t<\/div>\n\t\t<\/div>\n\t\t\t\t\t\t\t<\/div>\n\t\t<\/section>\n\t\t\t\t<section class=\"elementor-section elementor-top-section elementor-element elementor-element-09fb67a elementor-section-full_width elementor-section-height-default elementor-section-height-default\" data-id=\"09fb67a\" data-element_type=\"section\">\n\t\t\t\t\t\t<div class=\"elementor-container elementor-column-gap-default\">\n\t\t\t\t\t<div class=\"elementor-column elementor-col-25 elementor-top-column elementor-element elementor-element-ff0cff9\" data-id=\"ff0cff9\" data-element_type=\"column\">\n\t\t\t<div class=\"elementor-widget-wrap elementor-element-populated\">\n\t\t\t\t\t\t\t\t<div data-tippy-content=\"&lt;p&gt;+5 \u00e0 8 \u20ac\/pers (yaourt maison, \u0153ufs bio de nos mascottes, fruits frais, charcuterie et fromages)&lt;\/p&gt;\" data-pafe-tippy-options=\"{&quot;duration&quot;:300,&quot;animation&quot;:&quot;scale&quot;,&quot;distance&quot;:5,&quot;placement&quot;:&quot;top&quot;}\" class=\"elementor-element elementor-element-d7925e4 elementor-widget elementor-widget-image\" data-id=\"d7925e4\" data-element_type=\"widget\" data-widget_type=\"image.default\">\n\t\t\t\t<div class=\"elementor-widget-container\">\n\t\t\t\t\t\t\t\t\t\t\t\t\t\t\t<img width=\"1024\" height=\"768\" src=\"https:\/\/terrasses-saint-clair.fr\/wp-content\/uploads\/2022\/06\/petit-dejeuner-sete-1024x768.jpg\" class=\"attachment-large size-large\" alt=\"\" loading=\"lazy\" srcset=\"https:\/\/terrasses-saint-clair.fr\/wp-content\/uploads\/2022\/06\/petit-dejeuner-sete-1024x768.jpg 1024w, https:\/\/terrasses-saint-clair.fr\/wp-content\/uploads\/2022\/06\/petit-dejeuner-sete-300x225.jpg 300w, https:\/\/terrasses-saint-clair.fr\/wp-content\/uploads\/2022\/06\/petit-dejeuner-sete-768x576.jpg 768w, https:\/\/terrasses-saint-clair.fr\/wp-content\/uploads\/2022\/06\/petit-dejeuner-sete-1536x1152.jpg 1536w, https:\/\/terrasses-saint-clair.fr\/wp-content\/uploads\/2022\/06\/petit-dejeuner-sete-16x12.jpg 16w, https:\/\/terrasses-saint-clair.fr\/wp-content\/uploads\/2022\/06\/petit-dejeuner-sete.jpg 1920w\" sizes=\"(max-width: 1024px) 100vw, 1024px\" \/>\t\t\t\t\t\t\t\t\t\t\t\t\t\t\t<\/div>\n\t\t\t\t<\/div>\n\t\t\t\t\t<\/div>\n\t\t<\/div>\n\t\t\t\t<div class=\"elementor-column elementor-col-25 elementor-top-column elementor-element elementor-element-016f142\" data-id=\"016f142\" data-element_type=\"column\">\n\t\t\t<div class=\"elementor-widget-wrap elementor-element-populated\">\n\t\t\t\t\t\t\t\t<div data-tippy-content=\"&lt;p&gt;Plateau de charcuteries en direct des Halles livr\u00e9 pour vous 20-25 ou 30\u20ac&lt;\/p&gt;\" data-pafe-tippy-options=\"{&quot;duration&quot;:300,&quot;animation&quot;:&quot;scale&quot;,&quot;distance&quot;:5,&quot;placement&quot;:&quot;top&quot;}\" class=\"elementor-element elementor-element-32a6b76 elementor-widget elementor-widget-image\" data-id=\"32a6b76\" data-element_type=\"widget\" data-widget_type=\"image.default\">\n\t\t\t\t<div class=\"elementor-widget-container\">\n\t\t\t\t\t\t\t\t\t\t\t\t\t\t\t<img width=\"1024\" height=\"768\" src=\"https:\/\/terrasses-saint-clair.fr\/wp-content\/uploads\/2022\/06\/charcuterie2-1024x768.jpg\" class=\"attachment-large size-large\" alt=\"\" loading=\"lazy\" srcset=\"https:\/\/terrasses-saint-clair.fr\/wp-content\/uploads\/2022\/06\/charcuterie2-1024x768.jpg 1024w, https:\/\/terrasses-saint-clair.fr\/wp-content\/uploads\/2022\/06\/charcuterie2-300x225.jpg 300w, https:\/\/terrasses-saint-clair.fr\/wp-content\/uploads\/2022\/06\/charcuterie2-768x576.jpg 768w, https:\/\/terrasses-saint-clair.fr\/wp-content\/uploads\/2022\/06\/charcuterie2-1536x1152.jpg 1536w, https:\/\/terrasses-saint-clair.fr\/wp-content\/uploads\/2022\/06\/charcuterie2-16x12.jpg 16w, https:\/\/terrasses-saint-clair.fr\/wp-content\/uploads\/2022\/06\/charcuterie2.jpg 1920w\" sizes=\"(max-width: 1024px) 100vw, 1024px\" \/>\t\t\t\t\t\t\t\t\t\t\t\t\t\t\t<\/div>\n\t\t\t\t<\/div>\n\t\t\t\t\t<\/div>\n\t\t<\/div>\n\t\t\t\t<div class=\"elementor-column elementor-col-25 elementor-top-column elementor-element elementor-element-9790e59\" data-id=\"9790e59\" data-element_type=\"column\">\n\t\t\t<div class=\"elementor-widget-wrap elementor-element-populated\">\n\t\t\t\t\t\t\t\t<div data-tippy-content=\"&lt;p&gt;Plateau de fromages livr\u00e9 pour vous pour 2 personnes 20\u2009\u20ac&lt;\/p&gt;\" data-pafe-tippy-options=\"{&quot;duration&quot;:300,&quot;animation&quot;:&quot;scale&quot;,&quot;distance&quot;:5,&quot;placement&quot;:&quot;top&quot;}\" class=\"elementor-element elementor-element-b659a64 elementor-widget elementor-widget-image\" data-id=\"b659a64\" data-element_type=\"widget\" data-widget_type=\"image.default\">\n\t\t\t\t<div class=\"elementor-widget-container\">\n\t\t\t\t\t\t\t\t\t\t\t\t\t\t\t<img width=\"1024\" height=\"768\" src=\"https:\/\/terrasses-saint-clair.fr\/wp-content\/uploads\/2022\/06\/fromage.webp\" class=\"attachment-large size-large\" alt=\"\" loading=\"lazy\" srcset=\"https:\/\/terrasses-saint-clair.fr\/wp-content\/uploads\/2022\/06\/fromage.webp 1024w, https:\/\/terrasses-saint-clair.fr\/wp-content\/uploads\/2022\/06\/fromage-300x225.webp 300w, https:\/\/terrasses-saint-clair.fr\/wp-content\/uploads\/2022\/06\/fromage-768x576.webp 768w, https:\/\/terrasses-saint-clair.fr\/wp-content\/uploads\/2022\/06\/fromage-16x12.webp 16w\" sizes=\"(max-width: 1024px) 100vw, 1024px\" \/>\t\t\t\t\t\t\t\t\t\t\t\t\t\t\t<\/div>\n\t\t\t\t<\/div>\n\t\t\t\t\t<\/div>\n\t\t<\/div>\n\t\t\t\t<div class=\"elementor-column elementor-col-25 elementor-top-column elementor-element elementor-element-a0363c4\" data-id=\"a0363c4\" data-element_type=\"column\">\n\t\t\t<div class=\"elementor-widget-wrap elementor-element-populated\">\n\t\t\t\t\t\t\t\t<div data-tippy-content=\"&lt;p&gt;En direct de chez Fran\u00e7ois un plateau de fruits de mer livr\u00e9 pour vous pour 2 pers = 40\u20ac&lt;\/p&gt;\" data-pafe-tippy-options=\"{&quot;duration&quot;:300,&quot;animation&quot;:&quot;scale&quot;,&quot;distance&quot;:5,&quot;placement&quot;:&quot;top&quot;}\" class=\"elementor-element elementor-element-93973e7 elementor-widget elementor-widget-image\" data-id=\"93973e7\" data-element_type=\"widget\" data-widget_type=\"image.default\">\n\t\t\t\t<div class=\"elementor-widget-container\">\n\t\t\t\t\t\t\t\t\t\t\t\t\t\t\t<img width=\"1024\" height=\"768\" src=\"https:\/\/terrasses-saint-clair.fr\/wp-content\/uploads\/2022\/06\/fruit-de-mer-1024x768.jpg\" class=\"attachment-large size-large\" alt=\"\" loading=\"lazy\" srcset=\"https:\/\/terrasses-saint-clair.fr\/wp-content\/uploads\/2022\/06\/fruit-de-mer-1024x768.jpg 1024w, https:\/\/terrasses-saint-clair.fr\/wp-content\/uploads\/2022\/06\/fruit-de-mer-300x225.jpg 300w, https:\/\/terrasses-saint-clair.fr\/wp-content\/uploads\/2022\/06\/fruit-de-mer-768x576.jpg 768w, https:\/\/terrasses-saint-clair.fr\/wp-content\/uploads\/2022\/06\/fruit-de-mer-1536x1152.jpg 1536w, https:\/\/terrasses-saint-clair.fr\/wp-content\/uploads\/2022\/06\/fruit-de-mer-16x12.jpg 16w, https:\/\/terrasses-saint-clair.fr\/wp-content\/uploads\/2022\/06\/fruit-de-mer.jpg 1920w\" sizes=\"(max-width: 1024px) 100vw, 1024px\" \/>\t\t\t\t\t\t\t\t\t\t\t\t\t\t\t<\/div>\n\t\t\t\t<\/div>\n\t\t\t\t\t<\/div>\n\t\t<\/div>\n\t\t\t\t\t\t\t<\/div>\n\t\t<\/section>\n\t\t\t\t<section class=\"elementor-section elementor-top-section elementor-element elementor-element-a932f72 elementor-section-full_width elementor-section-height-default elementor-section-height-default\" data-id=\"a932f72\" data-element_type=\"section\">\n\t\t\t\t\t\t<div class=\"elementor-container elementor-column-gap-default\">\n\t\t\t\t\t<div class=\"elementor-column elementor-col-50 elementor-top-column elementor-element elementor-element-c7a42c2\" data-id=\"c7a42c2\" data-element_type=\"column\" data-settings=\"{&quot;background_background&quot;:&quot;classic&quot;}\">\n\t\t\t<div class=\"elementor-widget-wrap\">\n\t\t\t\t\t\t\t\t\t<\/div>\n\t\t<\/div>\n\t\t\t\t<div class=\"elementor-column elementor-col-50 elementor-top-column elementor-element elementor-element-fa45f92\" data-id=\"fa45f92\" data-element_type=\"column\" data-settings=\"{&quot;background_background&quot;:&quot;classic&quot;}\">\n\t\t\t<div class=\"elementor-widget-wrap elementor-element-populated\">\n\t\t\t\t\t\t\t\t<div class=\"elementor-element elementor-element-41c0162 elementor-widget elementor-widget-heading\" data-id=\"41c0162\" data-element_type=\"widget\" data-widget_type=\"heading.default\">\n\t\t\t\t<div class=\"elementor-widget-container\">\n\t\t\t<h2 class=\"elementor-heading-title elementor-size-default\">Our Partners<\/h2>\t\t<\/div>\n\t\t\t\t<\/div>\n\t\t\t\t<div class=\"elementor-element elementor-element-98d17ea elementor-widget elementor-widget-heading\" data-id=\"98d17ea\" data-element_type=\"widget\" data-widget_type=\"heading.default\">\n\t\t\t\t<div class=\"elementor-widget-container\">\n\t\t\t<p class=\"elementor-heading-title elementor-size-small\">In order to make your stay exceptional, we have partners who can\nto make your stay unforgettable such as :<\/p>\t\t<\/div>\n\t\t\t\t<\/div>\n\t\t\t\t<div class=\"elementor-element elementor-element-742e56e elementor-icon-list--layout-traditional elementor-list-item-link-full_width elementor-widget elementor-widget-icon-list\" data-id=\"742e56e\" data-element_type=\"widget\" data-widget_type=\"icon-list.default\">\n\t\t\t\t<div class=\"elementor-widget-container\">\n\t\t\t<link rel=\"stylesheet\" href=\"http:\/\/terrasses-saint-clair.fr\/wp-content\/plugins\/elementor\/assets\/css\/widget-icon-list.min.css\">\t\t<ul class=\"elementor-icon-list-items\">\n\t\t\t\t\t\t\t<li class=\"elementor-icon-list-item\">\n\t\t\t\t\t\t\t\t\t\t\t<span class=\"elementor-icon-list-icon\">\n\t\t\t\t\t\t\t<i aria-hidden=\"true\" class=\"fas fa-dot-circle\"><\/i>\t\t\t\t\t\t<\/span>\n\t\t\t\t\t\t\t\t\t\t<span class=\"elementor-icon-list-text\">Massage<\/span>\n\t\t\t\t\t\t\t\t\t<\/li>\n\t\t\t\t\t\t\t\t<li class=\"elementor-icon-list-item\">\n\t\t\t\t\t\t\t\t\t\t\t<span class=\"elementor-icon-list-icon\">\n\t\t\t\t\t\t\t<i aria-hidden=\"true\" class=\"fas fa-dot-circle\"><\/i>\t\t\t\t\t\t<\/span>\n\t\t\t\t\t\t\t\t\t\t<span class=\"elementor-icon-list-text\">Reflexology<\/span>\n\t\t\t\t\t\t\t\t\t<\/li>\n\t\t\t\t\t\t\t\t<li class=\"elementor-icon-list-item\">\n\t\t\t\t\t\t\t\t\t\t\t<span class=\"elementor-icon-list-icon\">\n\t\t\t\t\t\t\t<i aria-hidden=\"true\" class=\"fas fa-dot-circle\"><\/i>\t\t\t\t\t\t<\/span>\n\t\t\t\t\t\t\t\t\t\t<span class=\"elementor-icon-list-text\">Yoga<\/span>\n\t\t\t\t\t\t\t\t\t<\/li>\n\t\t\t\t\t\t\t\t<li class=\"elementor-icon-list-item\">\n\t\t\t\t\t\t\t\t\t\t\t<span class=\"elementor-icon-list-icon\">\n\t\t\t\t\t\t\t<i aria-hidden=\"true\" class=\"fas fa-dot-circle\"><\/i>\t\t\t\t\t\t<\/span>\n\t\t\t\t\t\t\t\t\t\t<span class=\"elementor-icon-list-text\">Stretching<\/span>\n\t\t\t\t\t\t\t\t\t<\/li>\n\t\t\t\t\t\t\t\t<li class=\"elementor-icon-list-item\">\n\t\t\t\t\t\t\t\t\t\t\t<span class=\"elementor-icon-list-icon\">\n\t\t\t\t\t\t\t<i aria-hidden=\"true\" class=\"fas fa-dot-circle\"><\/i>\t\t\t\t\t\t<\/span>\n\t\t\t\t\t\t\t\t\t\t<span class=\"elementor-icon-list-text\">Strengthening of muscles<\/span>\n\t\t\t\t\t\t\t\t\t<\/li>\n\t\t\t\t\t\t<\/ul>\n\t\t\t\t<\/div>\n\t\t\t\t<\/div>\n\t\t\t\t\t<\/div>\n\t\t<\/div>\n\t\t\t\t\t\t\t<\/div>\n\t\t<\/section>\n\t\t\t\t<section class=\"elementor-section elementor-top-section elementor-element elementor-element-fe1aa89 elementor-section-full_width elementor-section-height-default elementor-section-height-default\" data-id=\"fe1aa89\" data-element_type=\"section\">\n\t\t\t\t\t\t<div class=\"elementor-container elementor-column-gap-default\">\n\t\t\t\t\t<div class=\"elementor-column elementor-col-50 elementor-top-column elementor-element elementor-element-d1ea3fc\" data-id=\"d1ea3fc\" data-element_type=\"column\" data-settings=\"{&quot;background_background&quot;:&quot;classic&quot;}\">\n\t\t\t<div class=\"elementor-widget-wrap elementor-element-populated\">\n\t\t\t\t\t\t\t\t<div class=\"elementor-element elementor-element-592394b elementor-icon-list--layout-traditional elementor-list-item-link-full_width elementor-widget elementor-widget-icon-list\" data-id=\"592394b\" data-element_type=\"widget\" data-widget_type=\"icon-list.default\">\n\t\t\t\t<div class=\"elementor-widget-container\">\n\t\t\t\t\t<ul class=\"elementor-icon-list-items\">\n\t\t\t\t\t\t\t<li class=\"elementor-icon-list-item\">\n\t\t\t\t\t\t\t\t\t\t\t<span class=\"elementor-icon-list-icon\">\n\t\t\t\t\t\t\t<i aria-hidden=\"true\" class=\"fas fa-dot-circle\"><\/i>\t\t\t\t\t\t<\/span>\n\t\t\t\t\t\t\t\t\t\t<span class=\"elementor-icon-list-text\">Cooking classes<\/span>\n\t\t\t\t\t\t\t\t\t<\/li>\n\t\t\t\t\t\t\t\t<li class=\"elementor-icon-list-item\">\n\t\t\t\t\t\t\t\t\t\t\t<span class=\"elementor-icon-list-icon\">\n\t\t\t\t\t\t\t<i aria-hidden=\"true\" class=\"fas fa-dot-circle\"><\/i>\t\t\t\t\t\t<\/span>\n\t\t\t\t\t\t\t\t\t\t<span class=\"elementor-icon-list-text\">Home-based chef<\/span>\n\t\t\t\t\t\t\t\t\t<\/li>\n\t\t\t\t\t\t\t\t<li class=\"elementor-icon-list-item\">\n\t\t\t\t\t\t\t\t\t\t\t<span class=\"elementor-icon-list-icon\">\n\t\t\t\t\t\t\t<i aria-hidden=\"true\" class=\"fas fa-dot-circle\"><\/i>\t\t\t\t\t\t<\/span>\n\t\t\t\t\t\t\t\t\t\t<span class=\"elementor-icon-list-text\">Oenological and culinary discovery of our region<\/span>\n\t\t\t\t\t\t\t\t\t<\/li>\n\t\t\t\t\t\t\t\t<li class=\"elementor-icon-list-item\">\n\t\t\t\t\t\t\t\t\t\t\t<span class=\"elementor-icon-list-icon\">\n\t\t\t\t\t\t\t<i aria-hidden=\"true\" class=\"fas fa-dot-circle\"><\/i>\t\t\t\t\t\t<\/span>\n\t\t\t\t\t\t\t\t\t\t<span class=\"elementor-icon-list-text\">Discovering the paths of Mont Saint Clair and La Gardiole<\/span>\n\t\t\t\t\t\t\t\t\t<\/li>\n\t\t\t\t\t\t\t\t<li class=\"elementor-icon-list-item\">\n\t\t\t\t\t\t\t\t\t\t\t<span class=\"elementor-icon-list-icon\">\n\t\t\t\t\t\t\t<i aria-hidden=\"true\" class=\"fas fa-dot-circle\"><\/i>\t\t\t\t\t\t<\/span>\n\t\t\t\t\t\t\t\t\t\t<span class=\"elementor-icon-list-text\">Cours de Kite surf et Wing surf<\/span>\n\t\t\t\t\t\t\t\t\t<\/li>\n\t\t\t\t\t\t<\/ul>\n\t\t\t\t<\/div>\n\t\t\t\t<\/div>\n\t\t\t\t\t<\/div>\n\t\t<\/div>\n\t\t\t\t<div class=\"elementor-column elementor-col-50 elementor-top-column elementor-element elementor-element-df431de\" data-id=\"df431de\" data-element_type=\"column\" data-settings=\"{&quot;background_background&quot;:&quot;classic&quot;}\">\n\t\t\t<div class=\"elementor-widget-wrap\">\n\t\t\t\t\t\t\t\t\t<\/div>\n\t\t<\/div>\n\t\t\t\t\t\t\t<\/div>\n\t\t<\/section>\n\t\t\t\t\t\t\t<\/div>","protected":false},"excerpt":{"rendered":"<p>Prestations Prestations et Partenaires Nos Prestations Apr\u00e8s le jacuzzi et la partie de p\u00e9tanque vous avez \u00e9galement la possibilit\u00e9 de commander une planche de charcuterie, de fromages ou un plateau de fruits de mer \u00e0 d\u00e9guster sur votre terrasse. Nos Partenaires Pour que votre s\u00e9jour soit exceptionnel, nous avons des partenaires intervenants qui pourront agr\u00e9menter &#8230; <a title=\"SERVICES\" class=\"read-more\" href=\"https:\/\/terrasses-saint-clair.fr\/en\/prestations\/\" aria-label=\"More on PRESTATIONS\">Read more<\/a><\/p>","protected":false},"author":2,"featured_media":0,"parent":0,"menu_order":0,"comment_status":"closed","ping_status":"closed","template":"elementor_theme","meta":{"om_disable_all_campaigns":false,"_monsterinsights_skip_tracking":false,"_monsterinsights_sitenote_active":false,"_monsterinsights_sitenote_note":"","_monsterinsights_sitenote_category":0},"aioseo_notices":[],"_links":{"self":[{"href":"https:\/\/terrasses-saint-clair.fr\/en\/wp-json\/wp\/v2\/pages\/83"}],"collection":[{"href":"https:\/\/terrasses-saint-clair.fr\/en\/wp-json\/wp\/v2\/pages"}],"about":[{"href":"https:\/\/terrasses-saint-clair.fr\/en\/wp-json\/wp\/v2\/types\/page"}],"author":[{"embeddable":true,"href":"https:\/\/terrasses-saint-clair.fr\/en\/wp-json\/wp\/v2\/users\/2"}],"replies":[{"embeddable":true,"href":"https:\/\/terrasses-saint-clair.fr\/en\/wp-json\/wp\/v2\/comments?post=83"}],"version-history":[{"count":585,"href":"https:\/\/terrasses-saint-clair.fr\/en\/wp-json\/wp\/v2\/pages\/83\/revisions"}],"predecessor-version":[{"id":4210,"href":"https:\/\/terrasses-saint-clair.fr\/en\/wp-json\/wp\/v2\/pages\/83\/revisions\/4210"}],"wp:attachment":[{"href":"https:\/\/terrasses-saint-clair.fr\/en\/wp-json\/wp\/v2\/media?parent=83"}],"curies":[{"name":"wp","href":"https:\/\/api.w.org\/{rel}","templated":true}]}}